{"id":562,"date":"2025-08-07T16:02:05","date_gmt":"2025-08-07T19:02:05","guid":{"rendered":"http:\/\/colegioagnus.com.br\/site\/?page_id=562"},"modified":"2025-08-07T16:04:03","modified_gmt":"2025-08-07T19:04:03","slug":"amazonia-viva","status":"publish","type":"page","link":"http:\/\/colegioagnus.com.br\/site\/index.php\/amazonia-viva\/","title":{"rendered":"Amaz\u00f4nia Viva"},"content":{"rendered":"\n<div class=\"wp-block-columns is-layout-flex wp-container-core-columns-is-layout-9d6595d7 wp-block-columns-is-layout-flex\">\n<div class=\"wp-block-column is-layout-flow wp-block-column-is-layout-flow\" style=\"flex-basis:33.33%\">\n<figure class=\"wp-block-video\"><video height=\"848\" style=\"aspect-ratio: 480 \/ 848;\" width=\"480\" controls src=\"http:\/\/colegioagnus.com.br\/site\/wp-content\/uploads\/2025\/08\/WhatsApp-Video-2025-08-06-at-17.34.25.mp4\"><\/video><\/figure>\n<\/div>\n\n\n\n<div class=\"wp-block-column is-layout-flow wp-block-column-is-layout-flow\" style=\"flex-basis:66.66%\">\n<p>\u00a0\ud83c\udf33 Com o tema Floresta Amaz\u00f4nica, a nossa sala tem\u00e1tica proporciona um verdadeiro ref\u00fagio de conhecimento e conscientiza\u00e7\u00e3o sobre a import\u00e2ncia desse ecossistema \u00fanico.<\/p>\n\n\n\n<p>\ud83c\udf3f Com decora\u00e7\u00e3o inspirada na exuber\u00e2ncia da fauna e flora amaz\u00f4nica, a sala transporta os estudantes para uma imers\u00e3o educativa, onde podem aprender sobre a biodiversidade, os desafios da preserva\u00e7\u00e3o e a necessidade do cuidado com esse tesouro natural.<\/p>\n\n\n\n<p>\ud83c\udf43 \u00c9 um espa\u00e7o que desperta a curiosidade e o respeito pela natureza, incentivando a\u00e7\u00f5es sustent\u00e1veis e o amor pelo nosso patrim\u00f4nio&nbsp;ambiental.<\/p>\n\n\n\n<p>Rede de Ensino Agnus | O Futuro Come\u00e7a Aqui!<\/p>\n<\/div>\n<\/div>\n","protected":false},"excerpt":{"rendered":"<p>\u00a0\ud83c\udf33 Com o tema Floresta Amaz\u00f4nica, a nossa sala tem\u00e1tica proporciona um verdadeiro ref\u00fagio de conhecimento e conscientiza\u00e7\u00e3o sobre a import\u00e2ncia desse ecossistema \u00fanico. \ud83c\udf3f Com decora\u00e7\u00e3o inspirada na exuber\u00e2ncia da fauna e flora amaz\u00f4nica, a sala transporta os estudantes para uma imers\u00e3o educativa, onde podem aprender sobre a biodiversidade, os desafios da preserva\u00e7\u00e3o e a necessidade do cuidado com [&hellip;]<\/p>\n","protected":false},"author":1,"featured_media":0,"parent":0,"menu_order":0,"comment_status":"closed","ping_status":"closed","template":"page-templates\/full-width-container.php","meta":{"footnotes":""},"class_list":["post-562","page","type-page","status-publish","hentry"],"_links":{"self":[{"href":"http:\/\/colegioagnus.com.br\/site\/index.php\/wp-json\/wp\/v2\/pages\/562","targetHints":{"allow":["GET"]}}],"collection":[{"href":"http:\/\/colegioagnus.com.br\/site\/index.php\/wp-json\/wp\/v2\/pages"}],"about":[{"href":"http:\/\/colegioagnus.com.br\/site\/index.php\/wp-json\/wp\/v2\/types\/page"}],"author":[{"embeddable":true,"href":"http:\/\/colegioagnus.com.br\/site\/index.php\/wp-json\/wp\/v2\/users\/1"}],"replies":[{"embeddable":true,"href":"http:\/\/colegioagnus.com.br\/site\/index.php\/wp-json\/wp\/v2\/comments?post=562"}],"version-history":[{"count":1,"href":"http:\/\/colegioagnus.com.br\/site\/index.php\/wp-json\/wp\/v2\/pages\/562\/revisions"}],"predecessor-version":[{"id":564,"href":"http:\/\/colegioagnus.com.br\/site\/index.php\/wp-json\/wp\/v2\/pages\/562\/revisions\/564"}],"wp:attachment":[{"href":"http:\/\/colegioagnus.com.br\/site\/index.php\/wp-json\/wp\/v2\/media?parent=562"}],"curies":[{"name":"wp","href":"https:\/\/api.w.org\/{rel}","templated":true}]}}