{"id":555,"date":"2025-08-06T18:06:53","date_gmt":"2025-08-06T21:06:53","guid":{"rendered":"http:\/\/colegioagnus.com.br\/site\/?page_id=555"},"modified":"2025-08-06T18:09:21","modified_gmt":"2025-08-06T21:09:21","slug":"sitio-do-pica-pau-amrelo-2025","status":"publish","type":"page","link":"http:\/\/colegioagnus.com.br\/site\/index.php\/sitio-do-pica-pau-amrelo-2025\/","title":{"rendered":"S\u00edtio do Pica Pau Amrelo &#8211; 2025"},"content":{"rendered":"\n<div class=\"wp-block-columns is-layout-flex wp-container-core-columns-is-layout-9d6595d7 wp-block-columns-is-layout-flex\">\n<div class=\"wp-block-column is-layout-flow wp-block-column-is-layout-flow\" style=\"flex-basis:33.33%\">\n<figure class=\"wp-block-video\"><video height=\"832\" style=\"aspect-ratio: 464 \/ 832;\" width=\"464\" controls src=\"http:\/\/colegioagnus.com.br\/site\/wp-content\/uploads\/2025\/08\/WhatsApp-Video-2025-08-06-at-16.29.07.mp4\"><\/video><\/figure>\n<\/div>\n\n\n\n<div class=\"wp-block-column is-layout-flow wp-block-column-is-layout-flow\" style=\"flex-basis:66.66%\">\n<p>&nbsp;\ud83d\udcda Nossa sala tem\u00e1tica deste ano \u00e9 um mergulho encantado no universo de Monteiro Lobato! O S\u00edtio do Picapau Amarelo ganha vida entre personagens, aventuras e muita imagina\u00e7\u00e3o. Cada cantinho foi pensado para celebrar esse cl\u00e1ssico da literatura infantil brasileira. Venha se encantar com Em\u00edlia, Pedrinho, Narizinho e toda a turma!<br>________________<\/p>\n\n\n\n<p>\ud83d\udcda Our theme room this year is an enchanted dive into Monteiro Lobato&#8217;s universe! S\u00edtio do Picapau Amarelo comes to life with characters, adventures and lots of imagination. Every corner has been designed to celebrate this classic of Brazilian children&#8217;s literature. Come and be enchanted by Em\u00edlia, Pedrinho, Narizinho and the whole gang!<\/p>\n\n\n\n<p>\ud83d\udc9b Rede de Ensino Agnus | Valores Que Transformam: Educa\u00e7\u00e3o Para A Vida!<\/p>\n\n\n\n<figure class=\"wp-block-gallery has-nested-images columns-5 is-cropped wp-block-gallery-1 is-layout-flex wp-block-gallery-is-layout-flex\">\n<figure class=\"wp-block-image size-large\"><img loading=\"lazy\" decoding=\"async\" width=\"768\" height=\"1024\" data-id=\"551\" src=\"http:\/\/colegioagnus.com.br\/site\/wp-content\/uploads\/2025\/08\/WhatsApp-Image-2025-08-06-at-16.29.06-768x1024.jpeg\" alt=\"\" class=\"wp-image-551\" srcset=\"http:\/\/colegioagnus.com.br\/site\/wp-content\/uploads\/2025\/08\/WhatsApp-Image-2025-08-06-at-16.29.06-768x1024.jpeg 768w, http:\/\/colegioagnus.com.br\/site\/wp-content\/uploads\/2025\/08\/WhatsApp-Image-2025-08-06-at-16.29.06-225x300.jpeg 225w, http:\/\/colegioagnus.com.br\/site\/wp-content\/uploads\/2025\/08\/WhatsApp-Image-2025-08-06-at-16.29.06-1152x1536.jpeg 1152w, http:\/\/colegioagnus.com.br\/site\/wp-content\/uploads\/2025\/08\/WhatsApp-Image-2025-08-06-at-16.29.06.jpeg 1200w\" sizes=\"auto, (max-width: 768px) 100vw, 768px\" \/><\/figure>\n\n\n\n<figure class=\"wp-block-image size-large\"><img loading=\"lazy\" decoding=\"async\" width=\"768\" height=\"1024\" data-id=\"550\" src=\"http:\/\/colegioagnus.com.br\/site\/wp-content\/uploads\/2025\/08\/WhatsApp-Image-2025-08-06-at-16.29.06-3-768x1024.jpeg\" alt=\"\" class=\"wp-image-550\" srcset=\"http:\/\/colegioagnus.com.br\/site\/wp-content\/uploads\/2025\/08\/WhatsApp-Image-2025-08-06-at-16.29.06-3-768x1024.jpeg 768w, http:\/\/colegioagnus.com.br\/site\/wp-content\/uploads\/2025\/08\/WhatsApp-Image-2025-08-06-at-16.29.06-3-225x300.jpeg 225w, http:\/\/colegioagnus.com.br\/site\/wp-content\/uploads\/2025\/08\/WhatsApp-Image-2025-08-06-at-16.29.06-3.jpeg 960w\" sizes=\"auto, (max-width: 768px) 100vw, 768px\" \/><\/figure>\n\n\n\n<figure class=\"wp-block-image size-large\"><img loading=\"lazy\" decoding=\"async\" width=\"768\" height=\"1024\" data-id=\"549\" src=\"http:\/\/colegioagnus.com.br\/site\/wp-content\/uploads\/2025\/08\/WhatsApp-Image-2025-08-06-at-16.29.06-2-768x1024.jpeg\" alt=\"\" class=\"wp-image-549\" srcset=\"http:\/\/colegioagnus.com.br\/site\/wp-content\/uploads\/2025\/08\/WhatsApp-Image-2025-08-06-at-16.29.06-2-768x1024.jpeg 768w, http:\/\/colegioagnus.com.br\/site\/wp-content\/uploads\/2025\/08\/WhatsApp-Image-2025-08-06-at-16.29.06-2-225x300.jpeg 225w, http:\/\/colegioagnus.com.br\/site\/wp-content\/uploads\/2025\/08\/WhatsApp-Image-2025-08-06-at-16.29.06-2-1152x1536.jpeg 1152w, http:\/\/colegioagnus.com.br\/site\/wp-content\/uploads\/2025\/08\/WhatsApp-Image-2025-08-06-at-16.29.06-2.jpeg 1200w\" sizes=\"auto, (max-width: 768px) 100vw, 768px\" \/><\/figure>\n\n\n\n<figure class=\"wp-block-image size-large\"><img loading=\"lazy\" decoding=\"async\" width=\"768\" height=\"1024\" data-id=\"548\" src=\"http:\/\/colegioagnus.com.br\/site\/wp-content\/uploads\/2025\/08\/WhatsApp-Image-2025-08-06-at-16.29.06-1-768x1024.jpeg\" alt=\"\" class=\"wp-image-548\" srcset=\"http:\/\/colegioagnus.com.br\/site\/wp-content\/uploads\/2025\/08\/WhatsApp-Image-2025-08-06-at-16.29.06-1-768x1024.jpeg 768w, http:\/\/colegioagnus.com.br\/site\/wp-content\/uploads\/2025\/08\/WhatsApp-Image-2025-08-06-at-16.29.06-1-225x300.jpeg 225w, http:\/\/colegioagnus.com.br\/site\/wp-content\/uploads\/2025\/08\/WhatsApp-Image-2025-08-06-at-16.29.06-1-1152x1536.jpeg 1152w, http:\/\/colegioagnus.com.br\/site\/wp-content\/uploads\/2025\/08\/WhatsApp-Image-2025-08-06-at-16.29.06-1.jpeg 1200w\" sizes=\"auto, (max-width: 768px) 100vw, 768px\" \/><\/figure>\n\n\n\n<figure class=\"wp-block-image size-large\"><img loading=\"lazy\" decoding=\"async\" width=\"768\" height=\"1024\" data-id=\"547\" src=\"http:\/\/colegioagnus.com.br\/site\/wp-content\/uploads\/2025\/08\/WhatsApp-Image-2025-08-06-at-16.29.05-4-768x1024.jpeg\" alt=\"\" class=\"wp-image-547\" srcset=\"http:\/\/colegioagnus.com.br\/site\/wp-content\/uploads\/2025\/08\/WhatsApp-Image-2025-08-06-at-16.29.05-4-768x1024.jpeg 768w, http:\/\/colegioagnus.com.br\/site\/wp-content\/uploads\/2025\/08\/WhatsApp-Image-2025-08-06-at-16.29.05-4-225x300.jpeg 225w, http:\/\/colegioagnus.com.br\/site\/wp-content\/uploads\/2025\/08\/WhatsApp-Image-2025-08-06-at-16.29.05-4-1152x1536.jpeg 1152w, http:\/\/colegioagnus.com.br\/site\/wp-content\/uploads\/2025\/08\/WhatsApp-Image-2025-08-06-at-16.29.05-4.jpeg 1200w\" sizes=\"auto, (max-width: 768px) 100vw, 768px\" \/><\/figure>\n<\/figure>\n<\/div>\n<\/div>\n","protected":false},"excerpt":{"rendered":"<p>&nbsp;\ud83d\udcda Nossa sala tem\u00e1tica deste ano \u00e9 um mergulho encantado no universo de Monteiro Lobato! O S\u00edtio do Picapau Amarelo ganha vida entre personagens, aventuras e muita imagina\u00e7\u00e3o. Cada cantinho foi pensado para celebrar esse cl\u00e1ssico da literatura infantil brasileira. Venha se encantar com Em\u00edlia, Pedrinho, Narizinho e toda a turma!________________ \ud83d\udcda Our theme room this year is an enchanted [&hellip;]<\/p>\n","protected":false},"author":1,"featured_media":0,"parent":0,"menu_order":0,"comment_status":"closed","ping_status":"closed","template":"page-templates\/full-width-container.php","meta":{"footnotes":""},"class_list":["post-555","page","type-page","status-publish","hentry"],"_links":{"self":[{"href":"http:\/\/colegioagnus.com.br\/site\/index.php\/wp-json\/wp\/v2\/pages\/555","targetHints":{"allow":["GET"]}}],"collection":[{"href":"http:\/\/colegioagnus.com.br\/site\/index.php\/wp-json\/wp\/v2\/pages"}],"about":[{"href":"http:\/\/colegioagnus.com.br\/site\/index.php\/wp-json\/wp\/v2\/types\/page"}],"author":[{"embeddable":true,"href":"http:\/\/colegioagnus.com.br\/site\/index.php\/wp-json\/wp\/v2\/users\/1"}],"replies":[{"embeddable":true,"href":"http:\/\/colegioagnus.com.br\/site\/index.php\/wp-json\/wp\/v2\/comments?post=555"}],"version-history":[{"count":2,"href":"http:\/\/colegioagnus.com.br\/site\/index.php\/wp-json\/wp\/v2\/pages\/555\/revisions"}],"predecessor-version":[{"id":559,"href":"http:\/\/colegioagnus.com.br\/site\/index.php\/wp-json\/wp\/v2\/pages\/555\/revisions\/559"}],"wp:attachment":[{"href":"http:\/\/colegioagnus.com.br\/site\/index.php\/wp-json\/wp\/v2\/media?parent=555"}],"curies":[{"name":"wp","href":"https:\/\/api.w.org\/{rel}","templated":true}]}}